{"id":8608,"date":"2024-12-06T13:47:52","date_gmt":"2024-12-06T10:47:52","guid":{"rendered":"https:\/\/affectionhair.com\/?page_id=8608"},"modified":"2024-12-06T15:34:25","modified_gmt":"2024-12-06T12:34:25","slug":"%d9%85%d8%b9-%d8%a7%d9%84%d8%b3%d9%84%d8%a7%d9%85%d8%a9","status":"publish","type":"page","link":"https:\/\/affectionhair.com\/ar\/%d9%85%d8%b9-%d8%a7%d9%84%d8%b3%d9%84%d8%a7%d9%85%d8%a9\/","title":{"rendered":"\u0623\u0641\u064a\u062f\u0627"},"content":{"rendered":"<div data-elementor-type=\"wp-page\" data-elementor-id=\"8608\" class=\"elementor elementor-8608\">\n\t\t\t\t\t\t<section class=\"elementor-section elementor-top-section elementor-element elementor-element-ea8acd7 elementor-reverse-tablet elementor-reverse-mobile elementor-section-boxed elementor-section-height-default elementor-section-height-default\" data-id=\"ea8acd7\" data-element_type=\"section\">\n\t\t\t\t\t\t<div class=\"elementor-container elementor-column-gap-default\">\n\t\t\t\t\t<div class=\"elementor-column elementor-col-50 elementor-top-column elementor-element elementor-element-c347cdf elementor-invisible\" data-id=\"c347cdf\" data-element_type=\"column\" data-settings=\"{&quot;animation&quot;:&quot;ova-move-down&quot;,&quot;animation_tablet&quot;:&quot;none&quot;}\">\n\t\t\t<div class=\"elementor-widget-wrap elementor-element-populated\">\n\t\t\t\t\t\t<div class=\"elementor-element elementor-element-5a6f44e elementor-widget elementor-widget-heading\" data-id=\"5a6f44e\" data-element_type=\"widget\" data-widget_type=\"heading.default\">\n\t\t\t\t<div class=\"elementor-widget-container\">\n\t\t\t\t\t<h2 class=\"elementor-heading-title elementor-size-default\">\u0623\u0641\u064a\u062f\u0627 \u0641\u064a \u0635\u0627\u0644\u0648\u0646\u0646\u0627\n\n\n\n\n\n\n\n\n\n\n\n\n<\/h2>\t\t\t\t<\/div>\n\t\t\t\t<\/div>\n\t\t\t\t<div class=\"elementor-element elementor-element-4b5a613 elementor-widget elementor-widget-text-editor\" data-id=\"4b5a613\" data-element_type=\"widget\" data-widget_type=\"text-editor.default\">\n\t\t\t\t<div class=\"elementor-widget-container\">\n\t\t\t\t\t\t\t\t\t\u064a\u062a\u0645 \u0627\u0633\u062a\u062e\u062f\u0627\u0645 \u0645\u0646\u062a\u062c\u0627\u062a \u0627\u0644\u062a\u0644\u0648\u064a\u0646 \u0648\u0627\u0644\u0639\u0646\u0627\u064a\u0629 \u0648\u0627\u0644\u062a\u0635\u0641\u064a\u0641 \u0639\u0627\u0644\u064a\u0629 \u0627\u0644\u062c\u0648\u062f\u0629 \u0645\u0646 \u0645\u0627\u0631\u0643\u0629 Aveda \u0630\u0627\u062a \u0627\u0644\u0634\u0647\u0631\u0629 \u0627\u0644\u0639\u0627\u0644\u0645\u064a\u0629 \u0641\u064a \u0635\u0627\u0644\u0648\u0646\u0646\u0627. \u0628\u0645\u0643\u0648\u0646\u0627\u062a\u0647 \u0627\u0644\u0637\u0628\u064a\u0639\u064a\u0629 \u0648\u062a\u0631\u0643\u064a\u0628\u0627\u062a\u0647 \u0627\u0644\u0627\u062d\u062a\u0631\u0627\u0641\u064a\u0629\u060c \u064a\u0645\u0646\u062d \u0623\u0641\u064a\u062f\u0627 \u0634\u0639\u0631\u0643 \u0645\u0638\u0647\u0631\u064b\u0627 \u062c\u0645\u0627\u0644\u064a\u064b\u0627 \u0648\u064a\u062d\u0645\u064a \u0635\u062d\u062a\u0647. \u0646\u062d\u0646 \u0646\u0647\u062f\u0641 \u0625\u0644\u0649 \u0623\u0646 \u0646\u0642\u062f\u0645 \u0644\u0643 \u062a\u062c\u0631\u0628\u0629 \u0634\u0639\u0631 \u0645\u062b\u0627\u0644\u064a\u0629 \u0645\u0639 \u062d\u0644\u0648\u0644 \u062e\u0627\u0635\u0629 \u0648\u0645\u0628\u062a\u0643\u0631\u0629.\n\n\n\n\n\n\n\t\t\t\t\t\t\t\t<\/div>\n\t\t\t\t<\/div>\n\t\t\t\t<div class=\"elementor-element elementor-element-5beb2ad elementor-icon-list--layout-traditional elementor-list-item-link-full_width elementor-widget elementor-widget-icon-list\" data-id=\"5beb2ad\" data-element_type=\"widget\" data-widget_type=\"icon-list.default\">\n\t\t\t\t<div class=\"elementor-widget-container\">\n\t\t\t\t\t\t\t<ul class=\"elementor-icon-list-items\">\n\t\t\t\t\t\t\t<li class=\"elementor-icon-list-item\">\n\t\t\t\t\t\t\t\t\t\t\t<span class=\"elementor-icon-list-icon\">\n\t\t\t\t\t\t\t<svg aria-hidden=\"true\" class=\"e-font-icon-svg e-fas-check-circle\" viewbox=\"0 0 512 512\" xmlns=\"http:\/\/www.w3.org\/2000\/svg\"><path d=\"M504 256c0 136.967-111.033 248-248 248S8 392.967 8 256 119.033 8 256 8s248 111.033 248 248zM227.314 387.314l184-184c6.248-6.248 6.248-16.379 0-22.627l-22.627-22.627c-6.248-6.249-16.379-6.249-22.628 0L216 308.118l-70.059-70.059c-6.248-6.248-16.379-6.248-22.628 0l-22.627 22.627c-6.248 6.248-6.248 16.379 0 22.627l104 104c6.249 6.249 16.379 6.249 22.628.001z\"><\/path><\/svg>\t\t\t\t\t\t<\/span>\n\t\t\t\t\t\t\t\t\t\t<span class=\"elementor-icon-list-text\">\u0627\u0644\u0645\u062d\u062a\u0648\u0649 \u0627\u0644\u0637\u0628\u064a\u0639\u064a<\/span>\n\t\t\t\t\t\t\t\t\t<\/li>\n\t\t\t\t\t\t\t\t<li class=\"elementor-icon-list-item\">\n\t\t\t\t\t\t\t\t\t\t\t<span class=\"elementor-icon-list-icon\">\n\t\t\t\t\t\t\t<svg aria-hidden=\"true\" class=\"e-font-icon-svg e-fas-check-circle\" viewbox=\"0 0 512 512\" xmlns=\"http:\/\/www.w3.org\/2000\/svg\"><path d=\"M504 256c0 136.967-111.033 248-248 248S8 392.967 8 256 119.033 8 256 8s248 111.033 248 248zM227.314 387.314l184-184c6.248-6.248 6.248-16.379 0-22.627l-22.627-22.627c-6.248-6.249-16.379-6.249-22.628 0L216 308.118l-70.059-70.059c-6.248-6.248-16.379-6.248-22.628 0l-22.627 22.627c-6.248 6.248-6.248 16.379 0 22.627l104 104c6.249 6.249 16.379 6.249 22.628.001z\"><\/path><\/svg>\t\t\t\t\t\t<\/span>\n\t\t\t\t\t\t\t\t\t\t<span class=\"elementor-icon-list-text\">\u062d\u0645\u0627\u064a\u0629 \u0635\u062d\u0629 \u0627\u0644\u0634\u0639\u0631<\/span>\n\t\t\t\t\t\t\t\t\t<\/li>\n\t\t\t\t\t\t\t\t<li class=\"elementor-icon-list-item\">\n\t\t\t\t\t\t\t\t\t\t\t<span class=\"elementor-icon-list-icon\">\n\t\t\t\t\t\t\t<svg aria-hidden=\"true\" class=\"e-font-icon-svg e-fas-check-circle\" viewbox=\"0 0 512 512\" xmlns=\"http:\/\/www.w3.org\/2000\/svg\"><path d=\"M504 256c0 136.967-111.033 248-248 248S8 392.967 8 256 119.033 8 256 8s248 111.033 248 248zM227.314 387.314l184-184c6.248-6.248 6.248-16.379 0-22.627l-22.627-22.627c-6.248-6.249-16.379-6.249-22.628 0L216 308.118l-70.059-70.059c-6.248-6.248-16.379-6.248-22.628 0l-22.627 22.627c-6.248 6.248-6.248 16.379 0 22.627l104 104c6.249 6.249 16.379 6.249 22.628.001z\"><\/path><\/svg>\t\t\t\t\t\t<\/span>\n\t\t\t\t\t\t\t\t\t\t<span class=\"elementor-icon-list-text\">\u062b\u0628\u0627\u062a \u0637\u0648\u064a\u0644 \u0627\u0644\u0623\u0645\u062f<\/span>\n\t\t\t\t\t\t\t\t\t<\/li>\n\t\t\t\t\t\t\t\t<li class=\"elementor-icon-list-item\">\n\t\t\t\t\t\t\t\t\t\t\t<span class=\"elementor-icon-list-icon\">\n\t\t\t\t\t\t\t<svg aria-hidden=\"true\" class=\"e-font-icon-svg e-fas-check-circle\" viewbox=\"0 0 512 512\" xmlns=\"http:\/\/www.w3.org\/2000\/svg\"><path d=\"M504 256c0 136.967-111.033 248-248 248S8 392.967 8 256 119.033 8 256 8s248 111.033 248 248zM227.314 387.314l184-184c6.248-6.248 6.248-16.379 0-22.627l-22.627-22.627c-6.248-6.249-16.379-6.249-22.628 0L216 308.118l-70.059-70.059c-6.248-6.248-16.379-6.248-22.628 0l-22.627 22.627c-6.248 6.248-6.248 16.379 0 22.627l104 104c6.249 6.249 16.379 6.249 22.628.001z\"><\/path><\/svg>\t\t\t\t\t\t<\/span>\n\t\t\t\t\t\t\t\t\t\t<span class=\"elementor-icon-list-text\">\u0635\u062f\u064a\u0642\u0629 \u0644\u0644\u0628\u064a\u0626\u0629<\/span>\n\t\t\t\t\t\t\t\t\t<\/li>\n\t\t\t\t\t\t\t\t<li class=\"elementor-icon-list-item\">\n\t\t\t\t\t\t\t\t\t\t\t<span class=\"elementor-icon-list-icon\">\n\t\t\t\t\t\t\t<svg aria-hidden=\"true\" class=\"e-font-icon-svg e-fas-check-circle\" viewbox=\"0 0 512 512\" xmlns=\"http:\/\/www.w3.org\/2000\/svg\"><path d=\"M504 256c0 136.967-111.033 248-248 248S8 392.967 8 256 119.033 8 256 8s248 111.033 248 248zM227.314 387.314l184-184c6.248-6.248 6.248-16.379 0-22.627l-22.627-22.627c-6.248-6.249-16.379-6.249-22.628 0L216 308.118l-70.059-70.059c-6.248-6.248-16.379-6.248-22.628 0l-22.627 22.627c-6.248 6.248-6.248 16.379 0 22.627l104 104c6.249 6.249 16.379 6.249 22.628.001z\"><\/path><\/svg>\t\t\t\t\t\t<\/span>\n\t\t\t\t\t\t\t\t\t\t<span class=\"elementor-icon-list-text\">\u0627\u0644\u0646\u062a\u0627\u0626\u062c \u0627\u0644\u0645\u0647\u0646\u064a\u0629<\/span>\n\t\t\t\t\t\t\t\t\t<\/li>\n\t\t\t\t\t\t<\/ul>\n\t\t\t\t\t\t<\/div>\n\t\t\t\t<\/div>\n\t\t\t\t\t<\/div>\n\t\t<\/div>\n\t\t\t\t<div class=\"elementor-column elementor-col-50 elementor-top-column elementor-element elementor-element-ae51cbf elementor-invisible\" data-id=\"ae51cbf\" data-element_type=\"column\" data-settings=\"{&quot;animation&quot;:&quot;ova-move-down&quot;,&quot;animation_tablet&quot;:&quot;none&quot;}\">\n\t\t\t<div class=\"elementor-widget-wrap elementor-element-populated\">\n\t\t\t\t\t\t<div class=\"elementor-element elementor-element-dcc5165 elementor-widget elementor-widget-image\" data-id=\"dcc5165\" data-element_type=\"widget\" data-widget_type=\"image.default\">\n\t\t\t\t<div class=\"elementor-widget-container\">\n\t\t\t\t\t\t\t\t\t\t\t\t\t\t\t<img fetchpriority=\"high\" decoding=\"async\" width=\"750\" height=\"550\" src=\"https:\/\/affectionhair.com\/wp-content\/uploads\/2024\/11\/aveda.png\" class=\"attachment-full size-full wp-image-8624\" alt=\"\" srcset=\"https:\/\/affectionhair.com\/wp-content\/uploads\/2024\/11\/aveda.png 750w, https:\/\/affectionhair.com\/wp-content\/uploads\/2024\/11\/aveda-300x220.png 300w, https:\/\/affectionhair.com\/wp-content\/uploads\/2024\/11\/aveda-16x12.png 16w, https:\/\/affectionhair.com\/wp-content\/uploads\/2024\/11\/aveda-600x440.png 600w\" sizes=\"(max-width: 750px) 100vw, 750px\" \/>\t\t\t\t\t\t\t\t\t\t\t\t\t\t\t<\/div>\n\t\t\t\t<\/div>\n\t\t\t\t\t<\/div>\n\t\t<\/div>\n\t\t\t\t\t<\/div>\n\t\t<\/section>\n\t\t\t\t<section class=\"elementor-section elementor-top-section elementor-element elementor-element-074ea5b elementor-reverse-tablet elementor-reverse-mobile elementor-section-boxed elementor-section-height-default elementor-section-height-default\" data-id=\"074ea5b\" data-element_type=\"section\">\n\t\t\t\t\t\t<div class=\"elementor-container elementor-column-gap-default\">\n\t\t\t\t\t<div class=\"elementor-column elementor-col-50 elementor-top-column elementor-element elementor-element-07159d7 elementor-invisible\" data-id=\"07159d7\" data-element_type=\"column\" data-settings=\"{&quot;animation&quot;:&quot;ova-move-down&quot;,&quot;animation_tablet&quot;:&quot;none&quot;}\">\n\t\t\t<div class=\"elementor-widget-wrap elementor-element-populated\">\n\t\t\t\t\t\t<div class=\"elementor-element elementor-element-41fdc0e elementor-widget elementor-widget-image\" data-id=\"41fdc0e\" data-element_type=\"widget\" data-widget_type=\"image.default\">\n\t\t\t\t<div class=\"elementor-widget-container\">\n\t\t\t\t\t\t\t\t\t\t\t\t\t\t\t<img decoding=\"async\" width=\"750\" height=\"550\" src=\"https:\/\/affectionhair.com\/wp-content\/uploads\/2024\/12\/aveda-2.png\" class=\"attachment-full size-full wp-image-8625\" alt=\"\" srcset=\"https:\/\/affectionhair.com\/wp-content\/uploads\/2024\/12\/aveda-2.png 750w, https:\/\/affectionhair.com\/wp-content\/uploads\/2024\/12\/aveda-2-300x220.png 300w, https:\/\/affectionhair.com\/wp-content\/uploads\/2024\/12\/aveda-2-16x12.png 16w, https:\/\/affectionhair.com\/wp-content\/uploads\/2024\/12\/aveda-2-600x440.png 600w\" sizes=\"(max-width: 750px) 100vw, 750px\" \/>\t\t\t\t\t\t\t\t\t\t\t\t\t\t\t<\/div>\n\t\t\t\t<\/div>\n\t\t\t\t\t<\/div>\n\t\t<\/div>\n\t\t\t\t<div class=\"elementor-column elementor-col-50 elementor-top-column elementor-element elementor-element-7f86ecb elementor-invisible\" data-id=\"7f86ecb\" data-element_type=\"column\" data-settings=\"{&quot;animation&quot;:&quot;ova-move-down&quot;,&quot;animation_tablet&quot;:&quot;none&quot;}\">\n\t\t\t<div class=\"elementor-widget-wrap elementor-element-populated\">\n\t\t\t\t\t\t<div class=\"elementor-element elementor-element-14d9d4d elementor-widget elementor-widget-heading\" data-id=\"14d9d4d\" data-element_type=\"widget\" data-widget_type=\"heading.default\">\n\t\t\t\t<div class=\"elementor-widget-container\">\n\t\t\t\t\t<h3 class=\"elementor-heading-title elementor-size-default\">\u0627\u0644\u0641\u0648\u0627\u0626\u062f \u0627\u0644\u0641\u0631\u064a\u062f\u0629 \u0644\u0645\u0646\u062a\u062c\u0627\u062a \u0623\u0641\u064a\u062f\u0627\n\n\n\n\n\n\n\n\n\n\n\n<\/h3>\t\t\t\t<\/div>\n\t\t\t\t<\/div>\n\t\t\t\t<div class=\"elementor-element elementor-element-8a531fc elementor-widget elementor-widget-text-editor\" data-id=\"8a531fc\" data-element_type=\"widget\" data-widget_type=\"text-editor.default\">\n\t\t\t\t<div class=\"elementor-widget-container\">\n\t\t\t\t\t\t\t\t\t\u062a\u0642\u062f\u0645 \u0645\u0646\u062a\u062c\u0627\u062a \u0623\u0641\u064a\u062f\u0627 \u062a\u062c\u0631\u0628\u0629 \u0641\u0631\u064a\u062f\u0629 \u0641\u064a \u0627\u0644\u0639\u0646\u0627\u064a\u0629 \u0628\u0627\u0644\u0634\u0639\u0631 \u0628\u0645\u0643\u0648\u0646\u0627\u062a\u0647\u0627 \u0627\u0644\u0637\u0628\u064a\u0639\u064a\u0629 \u0648\u0639\u0645\u0644\u064a\u0627\u062a \u0625\u0646\u062a\u0627\u062c\u0647\u0627 \u0627\u0644\u0635\u062f\u064a\u0642\u0629 \u0644\u0644\u0628\u064a\u0626\u0629. \u062a\u0648\u0641\u0631 \u0647\u0630\u0647 \u0627\u0644\u0645\u0646\u062a\u062c\u0627\u062a \u0646\u062a\u0627\u0626\u062c \u0637\u0648\u064a\u0644\u0629 \u0627\u0644\u0623\u0645\u062f \u0645\u0639 \u062d\u0645\u0627\u064a\u0629 \u0635\u062d\u0629 \u0627\u0644\u0634\u0639\u0631\u060c \u0648\u0647\u064a \u0627\u0644\u062e\u064a\u0627\u0631 \u0627\u0644\u0623\u0645\u062b\u0644 \u0644\u0645\u0638\u0647\u0631 \u0627\u062d\u062a\u0631\u0627\u0641\u064a. \u0627\u0643\u062a\u0634\u0641 \u062d\u0627\u0644\u0629 \u0627\u0644\u062c\u0645\u0627\u0644 \u0627\u0644\u0637\u0628\u064a\u0639\u064a\u0629 \u0645\u0639 \u0623\u0641\u064a\u062f\u0627 \u0627\u0644\u062a\u064a \u062a\u0647\u062a\u0645 \u0628\u0634\u0639\u0631\u0643 \u0648\u0628\u0627\u0644\u0637\u0628\u064a\u0639\u0629.\n\n\n\n\n\n\n\t\t\t\t\t\t\t\t<\/div>\n\t\t\t\t<\/div>\n\t\t\t\t<div class=\"elementor-element elementor-element-409a6ae elementor-widget elementor-widget-text-editor\" data-id=\"409a6ae\" data-element_type=\"widget\" data-widget_type=\"text-editor.default\">\n\t\t\t\t<div class=\"elementor-widget-container\">\n\t\t\t\t\t\t\t\t\t\u062a\u0642\u062f\u0645 \u0645\u0646\u062a\u062c\u0627\u062a \u0623\u0641\u064a\u062f\u0627 \u0644\u0634\u0639\u0631\u0643 \u0627\u0644\u0631\u0639\u0627\u064a\u0629 \u0627\u0644\u062a\u064a \u064a\u0633\u062a\u062d\u0642\u0647\u0627 \u0628\u0645\u0643\u0648\u0646\u0627\u062a\u0647\u0627 \u0627\u0644\u0637\u0628\u064a\u0639\u064a\u0629 \u0648\u0646\u062a\u0627\u0626\u062c\u0647\u0627 \u0627\u0644\u0627\u062d\u062a\u0631\u0627\u0641\u064a\u0629. \u064a\u0645\u0643\u0646\u0643 \u0627\u0644\u062d\u0635\u0648\u0644 \u0639\u0644\u0649 \u0634\u0639\u0631 \u0635\u062d\u064a \u0648\u062c\u0645\u064a\u0644 \u0628\u062a\u0623\u062b\u064a\u0631\u0647 \u0637\u0648\u064a\u0644 \u0627\u0644\u0623\u0645\u062f.\n\n\n\n\n\n\n\t\t\t\t\t\t\t\t<\/div>\n\t\t\t\t<\/div>\n\t\t\t\t\t<\/div>\n\t\t<\/div>\n\t\t\t\t\t<\/div>\n\t\t<\/section>\n\t\t\t\t<\/div>","protected":false},"excerpt":{"rendered":"<p>Salonumuzda Aveda Salonumuzda, d\u00fcnya \u00e7ap\u0131nda tan\u0131nan Aveda markas\u0131n\u0131n \u00fcst\u00fcn kalitedeki renklendirme, bak\u0131m ve \u015fekillendirme \u00fcr\u00fcnleri kullan\u0131lmaktad\u0131r. Do\u011fal i\u00e7erikleri ve profesyonel form\u00fclleriyle Aveda, sa\u00e7lar\u0131n\u0131za hem estetik bir g\u00f6r\u00fcn\u00fcm kazand\u0131r\u0131r hem de sa\u011fl\u0131\u011f\u0131n\u0131 korur. Size \u00f6zel, yenilik\u00e7i \u00e7\u00f6z\u00fcmlerle m\u00fckemmel bir sa\u00e7 deneyimi sunmay\u0131 hedefliyoruz. Do\u011fal \u0130\u00e7erik Sa\u00e7 Sa\u011fl\u0131\u011f\u0131n\u0131 Koruma Uzun S\u00fcre Kal\u0131c\u0131l\u0131k \u00c7evre Dostu Profesyonel Sonu\u00e7lar Aveda [&hellip;]<\/p>","protected":false},"author":1,"featured_media":0,"parent":0,"menu_order":0,"comment_status":"closed","ping_status":"closed","template":"","meta":{"footnotes":""},"class_list":["post-8608","page","type-page","status-publish","hentry"],"_links":{"self":[{"href":"https:\/\/affectionhair.com\/ar\/wp-json\/wp\/v2\/pages\/8608","targetHints":{"allow":["GET"]}}],"collection":[{"href":"https:\/\/affectionhair.com\/ar\/wp-json\/wp\/v2\/pages"}],"about":[{"href":"https:\/\/affectionhair.com\/ar\/wp-json\/wp\/v2\/types\/page"}],"author":[{"embeddable":true,"href":"https:\/\/affectionhair.com\/ar\/wp-json\/wp\/v2\/users\/1"}],"replies":[{"embeddable":true,"href":"https:\/\/affectionhair.com\/ar\/wp-json\/wp\/v2\/comments?post=8608"}],"version-history":[{"count":0,"href":"https:\/\/affectionhair.com\/ar\/wp-json\/wp\/v2\/pages\/8608\/revisions"}],"wp:attachment":[{"href":"https:\/\/affectionhair.com\/ar\/wp-json\/wp\/v2\/media?parent=8608"}],"curies":[{"name":"wp","href":"https:\/\/api.w.org\/{rel}","templated":true}]}}