{"id":7838,"date":"2024-12-02T16:24:32","date_gmt":"2024-12-02T13:24:32","guid":{"rendered":"https:\/\/affectionhair.com\/?page_id=7838"},"modified":"2024-12-06T15:53:43","modified_gmt":"2024-12-06T12:53:43","slug":"%d8%b1%d9%88%d8%a7%d8%a8%d8%b7-%d8%b3%d8%b1%d9%8a%d8%b9%d8%a9","status":"publish","type":"page","link":"https:\/\/affectionhair.com\/ar\/%d8%b1%d9%88%d8%a7%d8%a8%d8%b7-%d8%b3%d8%b1%d9%8a%d8%b9%d8%a9\/","title":{"rendered":"\u0631\u0648\u0627\u0628\u0637 \u0633\u0631\u064a\u0639\u0629"},"content":{"rendered":"<div data-elementor-type=\"wp-page\" data-elementor-id=\"7838\" class=\"elementor elementor-7838\">\n\t\t\t\t<div class=\"elementor-element elementor-element-444c8f4d e-con-full e-flex e-con e-parent\" data-id=\"444c8f4d\" data-element_type=\"container\">\n\t\t<div class=\"elementor-element elementor-element-7bbe59ae e-flex e-con-boxed e-con e-child\" data-id=\"7bbe59ae\" data-element_type=\"container\">\n\t\t\t\t\t<div class=\"e-con-inner\">\n\t\t\t\t<div class=\"elementor-element elementor-element-6c7bb062 elementor-widget elementor-widget-image\" data-id=\"6c7bb062\" data-element_type=\"widget\" id=\"h\u0131zl\u0131-link-logo\" data-widget_type=\"image.default\">\n\t\t\t\t<div class=\"elementor-widget-container\">\n\t\t\t\t\t\t\t\t\t\t\t\t\t\t\t<img fetchpriority=\"high\" decoding=\"async\" width=\"955\" height=\"312\" src=\"https:\/\/affectionhair.com\/wp-content\/uploads\/2024\/12\/hizli_link_logo.png\" class=\"attachment-full size-full wp-image-7867\" alt=\"\u0634\u0639\u0627\u0631\" srcset=\"https:\/\/affectionhair.com\/wp-content\/uploads\/2024\/12\/hizli_link_logo.png 955w, https:\/\/affectionhair.com\/wp-content\/uploads\/2024\/12\/hizli_link_logo-300x98.png 300w, https:\/\/affectionhair.com\/wp-content\/uploads\/2024\/12\/hizli_link_logo-768x251.png 768w, https:\/\/affectionhair.com\/wp-content\/uploads\/2024\/12\/hizli_link_logo-18x6.png 18w, https:\/\/affectionhair.com\/wp-content\/uploads\/2024\/12\/hizli_link_logo-600x196.png 600w\" sizes=\"(max-width: 955px) 100vw, 955px\" \/>\t\t\t\t\t\t\t\t\t\t\t\t\t\t\t<\/div>\n\t\t\t\t<\/div>\n\t\t\t\t<div class=\"elementor-element elementor-element-2ca04458 elementor-widget elementor-widget-text-editor\" data-id=\"2ca04458\" data-element_type=\"widget\" data-widget_type=\"text-editor.default\">\n\t\t\t\t<div class=\"elementor-widget-container\">\n\t\t\t\t\t\t\t\t\t<p><span style=\"color: #de968d;\">\u2b07 \u0627\u0644\u0648\u0635\u0648\u0644 \u0625\u0644\u0649 \u062d\u0633\u0627\u0628\u0627\u062a\u0646\u0627 \u0639\u0644\u0649 \u0648\u0633\u0627\u0626\u0644 \u0627\u0644\u062a\u0648\u0627\u0635\u0644 \u0627\u0644\u0627\u062c\u062a\u0645\u0627\u0639\u064a \u2b07<\/span><\/p>\t\t\t\t\t\t\t\t<\/div>\n\t\t\t\t<\/div>\n\t\t\t\t<div class=\"elementor-element elementor-element-b07ea83 elementor-position-left elementor-vertical-align-middle elementor-view-default elementor-mobile-position-top elementor-widget elementor-widget-icon-box\" data-id=\"b07ea83\" data-element_type=\"widget\" data-widget_type=\"icon-box.default\">\n\t\t\t\t<div class=\"elementor-widget-container\">\n\t\t\t\t\t\t\t<div class=\"elementor-icon-box-wrapper\">\n\n\t\t\t\t\t\t<div class=\"elementor-icon-box-icon\">\n\t\t\t\t<a href=\"https:\/\/affectionhair.com\/ar\/\" target=\"_blank\" class=\"elementor-icon\" tabindex=\"-1\" aria-label=\"\u0645\u0648\u0642\u0639 \u0635\u0627\u0644\u0648\u0646 \u0627\u0644\u0634\u0639\u0631 \u0627\u0644\u0645\u0648\u062f\u0629\">\n\t\t\t\t<svg aria-hidden=\"true\" class=\"e-font-icon-svg e-fas-link\" viewbox=\"0 0 512 512\" xmlns=\"http:\/\/www.w3.org\/2000\/svg\"><path d=\"M326.612 185.391c59.747 59.809 58.927 155.698.36 214.59-.11.12-.24.25-.36.37l-67.2 67.2c-59.27 59.27-155.699 59.262-214.96 0-59.27-59.26-59.27-155.7 0-214.96l37.106-37.106c9.84-9.84 26.786-3.3 27.294 10.606.648 17.722 3.826 35.527 9.69 52.721 1.986 5.822.567 12.262-3.783 16.612l-13.087 13.087c-28.026 28.026-28.905 73.66-1.155 101.96 28.024 28.579 74.086 28.749 102.325.51l67.2-67.19c28.191-28.191 28.073-73.757 0-101.83-3.701-3.694-7.429-6.564-10.341-8.569a16.037 16.037 0 0 1-6.947-12.606c-.396-10.567 3.348-21.456 11.698-29.806l21.054-21.055c5.521-5.521 14.182-6.199 20.584-1.731a152.482 152.482 0 0 1 20.522 17.197zM467.547 44.449c-59.261-59.262-155.69-59.27-214.96 0l-67.2 67.2c-.12.12-.25.25-.36.37-58.566 58.892-59.387 154.781.36 214.59a152.454 152.454 0 0 0 20.521 17.196c6.402 4.468 15.064 3.789 20.584-1.731l21.054-21.055c8.35-8.35 12.094-19.239 11.698-29.806a16.037 16.037 0 0 0-6.947-12.606c-2.912-2.005-6.64-4.875-10.341-8.569-28.073-28.073-28.191-73.639 0-101.83l67.2-67.19c28.239-28.239 74.3-28.069 102.325.51 27.75 28.3 26.872 73.934-1.155 101.96l-13.087 13.087c-4.35 4.35-5.769 10.79-3.783 16.612 5.864 17.194 9.042 34.999 9.69 52.721.509 13.906 17.454 20.446 27.294 10.606l37.106-37.106c59.271-59.259 59.271-155.699.001-214.959z\"><\/path><\/svg>\t\t\t\t<\/a>\n\t\t\t<\/div>\n\t\t\t\n\t\t\t\t\t\t<div class=\"elementor-icon-box-content\">\n\n\t\t\t\t\t\t\t\t\t<p class=\"elementor-icon-box-title\">\n\t\t\t\t\t\t<a href=\"https:\/\/affectionhair.com\/ar\/\" target=\"_blank\" >\n\t\t\t\t\t\t\t\u0645\u0648\u0642\u0639 \u0635\u0627\u0644\u0648\u0646 \u0627\u0644\u0634\u0639\u0631 \u0627\u0644\u0645\u0648\u062f\u0629\t\t\t\t\t\t<\/a>\n\t\t\t\t\t<\/p>\n\t\t\t\t\n\t\t\t\t\n\t\t\t<\/div>\n\t\t\t\n\t\t<\/div>\n\t\t\t\t\t\t<\/div>\n\t\t\t\t<\/div>\n\t\t\t\t<div class=\"elementor-element elementor-element-08fb01b elementor-position-left elementor-vertical-align-middle elementor-view-default elementor-mobile-position-top elementor-widget elementor-widget-icon-box\" data-id=\"08fb01b\" data-element_type=\"widget\" data-widget_type=\"icon-box.default\">\n\t\t\t\t<div class=\"elementor-widget-container\">\n\t\t\t\t\t\t\t<div class=\"elementor-icon-box-wrapper\">\n\n\t\t\t\t\t\t<div class=\"elementor-icon-box-icon\">\n\t\t\t\t<a href=\"https:\/\/onlineguzellik.com\/affection-hair-salon\/vadi-istanbul\/randevu-al\" target=\"_blank\" class=\"elementor-icon\" tabindex=\"-1\" aria-label=\"\u0642\u0627\u0626\u0645\u0629 \u0627\u0644\u0623\u0633\u0639\u0627\u0631 \u0648\u0627\u0644\u062a\u0639\u064a\u064a\u0646\" rel=\"noopener\">\n\t\t\t\t<svg aria-hidden=\"true\" class=\"e-font-icon-svg e-fas-money-bill-alt\" viewbox=\"0 0 640 512\" xmlns=\"http:\/\/www.w3.org\/2000\/svg\"><path d=\"M352 288h-16v-88c0-4.42-3.58-8-8-8h-13.58c-4.74 0-9.37 1.4-13.31 4.03l-15.33 10.22a7.994 7.994 0 0 0-2.22 11.09l8.88 13.31a7.994 7.994 0 0 0 11.09 2.22l.47-.31V288h-16c-4.42 0-8 3.58-8 8v16c0 4.42 3.58 8 8 8h64c4.42 0 8-3.58 8-8v-16c0-4.42-3.58-8-8-8zM608 64H32C14.33 64 0 78.33 0 96v320c0 17.67 14.33 32 32 32h576c17.67 0 32-14.33 32-32V96c0-17.67-14.33-32-32-32zM48 400v-64c35.35 0 64 28.65 64 64H48zm0-224v-64h64c0 35.35-28.65 64-64 64zm272 192c-53.02 0-96-50.15-96-112 0-61.86 42.98-112 96-112s96 50.14 96 112c0 61.87-43 112-96 112zm272 32h-64c0-35.35 28.65-64 64-64v64zm0-224c-35.35 0-64-28.65-64-64h64v64z\"><\/path><\/svg>\t\t\t\t<\/a>\n\t\t\t<\/div>\n\t\t\t\n\t\t\t\t\t\t<div class=\"elementor-icon-box-content\">\n\n\t\t\t\t\t\t\t\t\t<p class=\"elementor-icon-box-title\">\n\t\t\t\t\t\t<a href=\"https:\/\/onlineguzellik.com\/affection-hair-salon\/vadi-istanbul\/randevu-al\" target=\"_blank\" rel=\"noopener\">\n\t\t\t\t\t\t\t\u0642\u0627\u0626\u0645\u0629 \u0627\u0644\u0623\u0633\u0639\u0627\u0631 \u0648\u0627\u0644\u062a\u0639\u064a\u064a\u0646\t\t\t\t\t\t<\/a>\n\t\t\t\t\t<\/p>\n\t\t\t\t\n\t\t\t\t\n\t\t\t<\/div>\n\t\t\t\n\t\t<\/div>\n\t\t\t\t\t\t<\/div>\n\t\t\t\t<\/div>\n\t\t\t\t<div class=\"elementor-element elementor-element-4757c218 elementor-position-left elementor-vertical-align-middle elementor-view-default elementor-mobile-position-top elementor-widget elementor-widget-icon-box\" data-id=\"4757c218\" data-element_type=\"widget\" data-widget_type=\"icon-box.default\">\n\t\t\t\t<div class=\"elementor-widget-container\">\n\t\t\t\t\t\t\t<div class=\"elementor-icon-box-wrapper\">\n\n\t\t\t\t\t\t<div class=\"elementor-icon-box-icon\">\n\t\t\t\t<a href=\"https:\/\/www.facebook.com\/affectionhairsalon\/\" target=\"_blank\" class=\"elementor-icon\" tabindex=\"-1\" aria-label=\"\u062a\u0627\u0628\u0639\u0646\u0627 \u0639\u0644\u0649 \u0641\u064a\u0633\u0628\u0648\u0643&#039;\" rel=\"noopener\">\n\t\t\t\t<svg aria-hidden=\"true\" class=\"e-font-icon-svg e-fab-facebook\" viewbox=\"0 0 512 512\" xmlns=\"http:\/\/www.w3.org\/2000\/svg\"><path d=\"M504 256C504 119 393 8 256 8S8 119 8 256c0 123.78 90.69 226.38 209.25 245V327.69h-63V256h63v-54.64c0-62.15 37-96.48 93.67-96.48 27.14 0 55.52 4.84 55.52 4.84v61h-31.28c-30.8 0-40.41 19.12-40.41 38.73V256h68.78l-11 71.69h-57.78V501C413.31 482.38 504 379.78 504 256z\"><\/path><\/svg>\t\t\t\t<\/a>\n\t\t\t<\/div>\n\t\t\t\n\t\t\t\t\t\t<div class=\"elementor-icon-box-content\">\n\n\t\t\t\t\t\t\t\t\t<p class=\"elementor-icon-box-title\">\n\t\t\t\t\t\t<a href=\"https:\/\/www.facebook.com\/affectionhairsalon\/\" target=\"_blank\" rel=\"noopener\">\n\t\t\t\t\t\t\t\u0627\u062a\u0628\u0639 \u0641\u064a \u0627\u0644\u0641\u064a\u0633\u0628\u0648\u0643\t\t\t\t\t\t<\/a>\n\t\t\t\t\t<\/p>\n\t\t\t\t\n\t\t\t\t\n\t\t\t<\/div>\n\t\t\t\n\t\t<\/div>\n\t\t\t\t\t\t<\/div>\n\t\t\t\t<\/div>\n\t\t\t\t<div class=\"elementor-element elementor-element-212ba65b elementor-position-left elementor-vertical-align-middle elementor-view-default elementor-mobile-position-top elementor-widget elementor-widget-icon-box\" data-id=\"212ba65b\" data-element_type=\"widget\" data-widget_type=\"icon-box.default\">\n\t\t\t\t<div class=\"elementor-widget-container\">\n\t\t\t\t\t\t\t<div class=\"elementor-icon-box-wrapper\">\n\n\t\t\t\t\t\t<div class=\"elementor-icon-box-icon\">\n\t\t\t\t<a href=\"https:\/\/wa.me\/905541603427\/\" target=\"_blank\" class=\"elementor-icon\" tabindex=\"-1\" aria-label=\"\u0623\u0631\u0633\u0644 \u0631\u0633\u0627\u0644\u0629 \u0639\u0644\u0649 \u0627\u0644\u0648\u0627\u062a\u0633 \u0627\u0628&#039;\" rel=\"noopener\">\n\t\t\t\t<svg aria-hidden=\"true\" class=\"e-font-icon-svg e-fab-whatsapp\" viewbox=\"0 0 448 512\" xmlns=\"http:\/\/www.w3.org\/2000\/svg\"><path d=\"M380.9 97.1C339 55.1 283.2 32 223.9 32c-122.4 0-222 99.6-222 222 0 39.1 10.2 77.3 29.6 111L0 480l117.7-30.9c32.4 17.7 68.9 27 106.1 27h.1c122.3 0 224.1-99.6 224.1-222 0-59.3-25.2-115-67.1-157zm-157 341.6c-33.2 0-65.7-8.9-94-25.7l-6.7-4-69.8 18.3L72 359.2l-4.4-7c-18.5-29.4-28.2-63.3-28.2-98.2 0-101.7 82.8-184.5 184.6-184.5 49.3 0 95.6 19.2 130.4 54.1 34.8 34.9 56.2 81.2 56.1 130.5 0 101.8-84.9 184.6-186.6 184.6zm101.2-138.2c-5.5-2.8-32.8-16.2-37.9-18-5.1-1.9-8.8-2.8-12.5 2.8-3.7 5.6-14.3 18-17.6 21.8-3.2 3.7-6.5 4.2-12 1.4-32.6-16.3-54-29.1-75.5-66-5.7-9.8 5.7-9.1 16.3-30.3 1.8-3.7.9-6.9-.5-9.7-1.4-2.8-12.5-30.1-17.1-41.2-4.5-10.8-9.1-9.3-12.5-9.5-3.2-.2-6.9-.2-10.6-.2-3.7 0-9.7 1.4-14.8 6.9-5.1 5.6-19.4 19-19.4 46.3 0 27.3 19.9 53.7 22.6 57.4 2.8 3.7 39.1 59.7 94.8 83.8 35.2 15.2 49 16.5 66.6 13.9 10.7-1.6 32.8-13.4 37.4-26.4 4.6-13 4.6-24.1 3.2-26.4-1.3-2.5-5-3.9-10.5-6.6z\"><\/path><\/svg>\t\t\t\t<\/a>\n\t\t\t<\/div>\n\t\t\t\n\t\t\t\t\t\t<div class=\"elementor-icon-box-content\">\n\n\t\t\t\t\t\t\t\t\t<p class=\"elementor-icon-box-title\">\n\t\t\t\t\t\t<a href=\"https:\/\/wa.me\/905541603427\/\" target=\"_blank\" rel=\"noopener\">\n\t\t\t\t\t\t\t\u0625\u0631\u0633\u0627\u0644 \u0631\u0633\u0627\u0644\u0629 \u0639\u0644\u0649 \u0648\u0627\u062a\u0633 \u0627\u0628\t\t\t\t\t\t<\/a>\n\t\t\t\t\t<\/p>\n\t\t\t\t\n\t\t\t\t\n\t\t\t<\/div>\n\t\t\t\n\t\t<\/div>\n\t\t\t\t\t\t<\/div>\n\t\t\t\t<\/div>\n\t\t\t\t<div class=\"elementor-element elementor-element-41eb0f02 elementor-position-left elementor-vertical-align-middle elementor-view-default elementor-mobile-position-top elementor-widget elementor-widget-icon-box\" data-id=\"41eb0f02\" data-element_type=\"widget\" data-widget_type=\"icon-box.default\">\n\t\t\t\t<div class=\"elementor-widget-container\">\n\t\t\t\t\t\t\t<div class=\"elementor-icon-box-wrapper\">\n\n\t\t\t\t\t\t<div class=\"elementor-icon-box-icon\">\n\t\t\t\t<a href=\"\/ar\/\u0647\u0627\u062a\u0641: 02128033427\/\" target=\"_blank\" class=\"elementor-icon\" tabindex=\"-1\" aria-label=\"\u0625\u062c\u0631\u0627\u0621 \u0645\u0643\u0627\u0644\u0645\u0629 \u0647\u0627\u062a\u0641\u064a\u0629\">\n\t\t\t\t<svg aria-hidden=\"true\" class=\"e-font-icon-svg e-fas-mobile-alt\" viewbox=\"0 0 320 512\" xmlns=\"http:\/\/www.w3.org\/2000\/svg\"><path d=\"M272 0H48C21.5 0 0 21.5 0 48v416c0 26.5 21.5 48 48 48h224c26.5 0 48-21.5 48-48V48c0-26.5-21.5-48-48-48zM160 480c-17.7 0-32-14.3-32-32s14.3-32 32-32 32 14.3 32 32-14.3 32-32 32zm112-108c0 6.6-5.4 12-12 12H60c-6.6 0-12-5.4-12-12V60c0-6.6 5.4-12 12-12h200c6.6 0 12 5.4 12 12v312z\"><\/path><\/svg>\t\t\t\t<\/a>\n\t\t\t<\/div>\n\t\t\t\n\t\t\t\t\t\t<div class=\"elementor-icon-box-content\">\n\n\t\t\t\t\t\t\t\t\t<p class=\"elementor-icon-box-title\">\n\t\t\t\t\t\t<a href=\"\/ar\/\u0647\u0627\u062a\u0641: 02128033427\/\" target=\"_blank\" >\n\t\t\t\t\t\t\t\u0625\u062c\u0631\u0627\u0621 \u0645\u0643\u0627\u0644\u0645\u0629 \u0647\u0627\u062a\u0641\u064a\u0629\t\t\t\t\t\t<\/a>\n\t\t\t\t\t<\/p>\n\t\t\t\t\n\t\t\t\t\n\t\t\t<\/div>\n\t\t\t\n\t\t<\/div>\n\t\t\t\t\t\t<\/div>\n\t\t\t\t<\/div>\n\t\t\t\t<div class=\"elementor-element elementor-element-428b5711 elementor-position-left elementor-vertical-align-middle elementor-view-default elementor-mobile-position-top elementor-widget elementor-widget-icon-box\" data-id=\"428b5711\" data-element_type=\"widget\" data-widget_type=\"icon-box.default\">\n\t\t\t\t<div class=\"elementor-widget-container\">\n\t\t\t\t\t\t\t<div class=\"elementor-icon-box-wrapper\">\n\n\t\t\t\t\t\t<div class=\"elementor-icon-box-icon\">\n\t\t\t\t<a href=\"https:\/\/maps.google.com\/maps\/dir\/\/Adnan+Kahveci+Cd.+No:116+D:b+Yenik%C3%B6y+34464+Sar%C4%B1yer%2F%C4%B0stanbul\/@41.1289187,29.0483111,15z\/data=!4m5!4m4!1m0!1m2!1m1!1s0x14caca82361ee0b9:0x984c4cc9ec565c90\" target=\"_blank\" class=\"elementor-icon\" tabindex=\"-1\" aria-label=\"\u0639\u0631\u0636 \u0645\u0648\u0642\u0639\u0646\u0627 (\u0637\u0631\u0627\u0628\u064a\u0627)\" rel=\"noopener\">\n\t\t\t\t<svg aria-hidden=\"true\" class=\"e-font-icon-svg e-fas-map-marked-alt\" viewbox=\"0 0 576 512\" xmlns=\"http:\/\/www.w3.org\/2000\/svg\"><path d=\"M288 0c-69.59 0-126 56.41-126 126 0 56.26 82.35 158.8 113.9 196.02 6.39 7.54 17.82 7.54 24.2 0C331.65 284.8 414 182.26 414 126 414 56.41 357.59 0 288 0zm0 168c-23.2 0-42-18.8-42-42s18.8-42 42-42 42 18.8 42 42-18.8 42-42 42zM20.12 215.95A32.006 32.006 0 0 0 0 245.66v250.32c0 11.32 11.43 19.06 21.94 14.86L160 448V214.92c-8.84-15.98-16.07-31.54-21.25-46.42L20.12 215.95zM288 359.67c-14.07 0-27.38-6.18-36.51-16.96-19.66-23.2-40.57-49.62-59.49-76.72v182l192 64V266c-18.92 27.09-39.82 53.52-59.49 76.72-9.13 10.77-22.44 16.95-36.51 16.95zm266.06-198.51L416 224v288l139.88-55.95A31.996 31.996 0 0 0 576 426.34V176.02c0-11.32-11.43-19.06-21.94-14.86z\"><\/path><\/svg>\t\t\t\t<\/a>\n\t\t\t<\/div>\n\t\t\t\n\t\t\t\t\t\t<div class=\"elementor-icon-box-content\">\n\n\t\t\t\t\t\t\t\t\t<p class=\"elementor-icon-box-title\">\n\t\t\t\t\t\t<a href=\"https:\/\/maps.google.com\/maps\/dir\/\/Adnan+Kahveci+Cd.+No:116+D:b+Yenik%C3%B6y+34464+Sar%C4%B1yer%2F%C4%B0stanbul\/@41.1289187,29.0483111,15z\/data=!4m5!4m4!1m0!1m2!1m1!1s0x14caca82361ee0b9:0x984c4cc9ec565c90\" target=\"_blank\" rel=\"noopener\">\n\t\t\t\t\t\t\t\u0639\u0631\u0636 \u0645\u0648\u0642\u0639\u0646\u0627 (\u0637\u0631\u0627\u0628\u064a\u0627)\t\t\t\t\t\t<\/a>\n\t\t\t\t\t<\/p>\n\t\t\t\t\n\t\t\t\t\n\t\t\t<\/div>\n\t\t\t\n\t\t<\/div>\n\t\t\t\t\t\t<\/div>\n\t\t\t\t<\/div>\n\t\t\t\t<div class=\"elementor-element elementor-element-6f09064 elementor-position-left elementor-vertical-align-middle elementor-view-default elementor-mobile-position-top elementor-widget elementor-widget-icon-box\" data-id=\"6f09064\" data-element_type=\"widget\" data-widget_type=\"icon-box.default\">\n\t\t\t\t<div class=\"elementor-widget-container\">\n\t\t\t\t\t\t\t<div class=\"elementor-icon-box-wrapper\">\n\n\t\t\t\t\t\t<div class=\"elementor-icon-box-icon\">\n\t\t\t\t<a href=\"https:\/\/maps.google.com\/maps\/dir\/\/Vadi+affectionhairsalon+Vadistanbul+AVM+Ayaza%C4%9Fa+Ayaza%C4%9Fa+Cendere+Cd.+109%2FC+D:22+-+23+34396+Sar%C4%B1yer%2F%C4%B0stanbul\/@41.108439,28.9868946,15z\/data=!4m5!4m4!1m0!1m2!1m1!1s0x14cab425f2265b15:0xfebe85e66e6857f5\" target=\"_blank\" class=\"elementor-icon\" tabindex=\"-1\" aria-label=\"\u0639\u0631\u0636 \u0645\u0648\u0642\u0639\u0646\u0627 (\u0648\u0627\u062f\u064a \u0627\u0633\u0637\u0646\u0628\u0648\u0644 AVM)\" rel=\"noopener\">\n\t\t\t\t<svg aria-hidden=\"true\" class=\"e-font-icon-svg e-fas-map-marked-alt\" viewbox=\"0 0 576 512\" xmlns=\"http:\/\/www.w3.org\/2000\/svg\"><path d=\"M288 0c-69.59 0-126 56.41-126 126 0 56.26 82.35 158.8 113.9 196.02 6.39 7.54 17.82 7.54 24.2 0C331.65 284.8 414 182.26 414 126 414 56.41 357.59 0 288 0zm0 168c-23.2 0-42-18.8-42-42s18.8-42 42-42 42 18.8 42 42-18.8 42-42 42zM20.12 215.95A32.006 32.006 0 0 0 0 245.66v250.32c0 11.32 11.43 19.06 21.94 14.86L160 448V214.92c-8.84-15.98-16.07-31.54-21.25-46.42L20.12 215.95zM288 359.67c-14.07 0-27.38-6.18-36.51-16.96-19.66-23.2-40.57-49.62-59.49-76.72v182l192 64V266c-18.92 27.09-39.82 53.52-59.49 76.72-9.13 10.77-22.44 16.95-36.51 16.95zm266.06-198.51L416 224v288l139.88-55.95A31.996 31.996 0 0 0 576 426.34V176.02c0-11.32-11.43-19.06-21.94-14.86z\"><\/path><\/svg>\t\t\t\t<\/a>\n\t\t\t<\/div>\n\t\t\t\n\t\t\t\t\t\t<div class=\"elementor-icon-box-content\">\n\n\t\t\t\t\t\t\t\t\t<p class=\"elementor-icon-box-title\">\n\t\t\t\t\t\t<a href=\"https:\/\/maps.google.com\/maps\/dir\/\/Vadi+affectionhairsalon+Vadistanbul+AVM+Ayaza%C4%9Fa+Ayaza%C4%9Fa+Cendere+Cd.+109%2FC+D:22+-+23+34396+Sar%C4%B1yer%2F%C4%B0stanbul\/@41.108439,28.9868946,15z\/data=!4m5!4m4!1m0!1m2!1m1!1s0x14cab425f2265b15:0xfebe85e66e6857f5\" target=\"_blank\" rel=\"noopener\">\n\t\t\t\t\t\t\t\u0639\u0631\u0636 \u0645\u0648\u0642\u0639\u0646\u0627 (\u0648\u0627\u062f\u064a \u0627\u0633\u0637\u0646\u0628\u0648\u0644 AVM)\t\t\t\t\t\t<\/a>\n\t\t\t\t\t<\/p>\n\t\t\t\t\n\t\t\t\t\n\t\t\t<\/div>\n\t\t\t\n\t\t<\/div>\n\t\t\t\t\t\t<\/div>\n\t\t\t\t<\/div>\n\t\t\t\t\t<\/div>\n\t\t\t\t<\/div>\n\t\t\t\t<\/div>\n\t\t\t\t<\/div>","protected":false},"excerpt":{"rendered":"<p>\u2b07 Sosyal Medya Hesaplar\u0131m\u0131za Ula\u015f\u0131n \u2b07 Affection Hair Salon Web Sitesi Fiyat Listesi &#038; Randevu Facebook&#8217;da Takip Edin Whatsapp&#8217;dan Mesaj At\u0131n Telefon Aramas\u0131 Yap\u0131n Lokasyonumuzu G\u00f6r\u00fcnt\u00fcleyin (Tarabya) Lokasyonumuzu G\u00f6r\u00fcnt\u00fcleyin (Vadi \u0130stanbul AVM)<\/p>","protected":false},"author":1,"featured_media":0,"parent":0,"menu_order":0,"comment_status":"closed","ping_status":"closed","template":"","meta":{"footnotes":""},"class_list":["post-7838","page","type-page","status-publish","hentry"],"_links":{"self":[{"href":"https:\/\/affectionhair.com\/ar\/wp-json\/wp\/v2\/pages\/7838","targetHints":{"allow":["GET"]}}],"collection":[{"href":"https:\/\/affectionhair.com\/ar\/wp-json\/wp\/v2\/pages"}],"about":[{"href":"https:\/\/affectionhair.com\/ar\/wp-json\/wp\/v2\/types\/page"}],"author":[{"embeddable":true,"href":"https:\/\/affectionhair.com\/ar\/wp-json\/wp\/v2\/users\/1"}],"replies":[{"embeddable":true,"href":"https:\/\/affectionhair.com\/ar\/wp-json\/wp\/v2\/comments?post=7838"}],"version-history":[{"count":0,"href":"https:\/\/affectionhair.com\/ar\/wp-json\/wp\/v2\/pages\/7838\/revisions"}],"wp:attachment":[{"href":"https:\/\/affectionhair.com\/ar\/wp-json\/wp\/v2\/media?parent=7838"}],"curies":[{"name":"wp","href":"https:\/\/api.w.org\/{rel}","templated":true}]}}